{"id":51,"date":"2021-11-23T09:09:09","date_gmt":"2021-11-23T06:09:09","guid":{"rendered":"https:\/\/www.metasship.com\/?page_id=51"},"modified":"2021-12-18T10:36:31","modified_gmt":"2021-12-18T07:36:31","slug":"hakkimizda","status":"publish","type":"page","link":"https:\/\/www.metasship.com\/index.php\/hakkimizda\/","title":{"rendered":"HAKKIMIZDA"},"content":{"rendered":"\t\t<div data-elementor-type=\"wp-page\" data-elementor-id=\"51\" class=\"elementor elementor-51\">\n\t\t\t\t\t\t\t\t\t<section class=\"elementor-section elementor-top-section elementor-element elementor-element-3002a574 elementor-section-content-middle elementor-section-boxed elementor-section-height-default elementor-section-height-default\" data-id=\"3002a574\" data-element_type=\"section\" data-settings=\"{&quot;background_background&quot;:&quot;classic&quot;}\">\n\t\t\t\t\t\t<div class=\"elementor-container elementor-column-gap-default\">\n\t\t\t\t\t<div class=\"elementor-column elementor-col-100 elementor-top-column elementor-element elementor-element-6f592c9\" data-id=\"6f592c9\" data-element_type=\"column\">\n\t\t\t<div class=\"elementor-widget-wrap elementor-element-populated\">\n\t\t\t\t\t\t\t\t<section class=\"elementor-section elementor-inner-section elementor-element elementor-element-627d3b4b elementor-section-boxed elementor-section-height-default elementor-section-height-default\" data-id=\"627d3b4b\" data-element_type=\"section\">\n\t\t\t\t\t\t<div class=\"elementor-container elementor-column-gap-default\">\n\t\t\t\t\t<div class=\"elementor-column elementor-col-100 elementor-inner-column elementor-element elementor-element-5e0e2408\" data-id=\"5e0e2408\" data-element_type=\"column\">\n\t\t\t<div class=\"elementor-widget-wrap elementor-element-populated\">\n\t\t\t\t\t\t\t\t<div class=\"elementor-element elementor-element-46af320 elementor-widget elementor-widget-heading\" data-id=\"46af320\" data-element_type=\"widget\" data-widget_type=\"heading.default\">\n\t\t\t\t<div class=\"elementor-widget-container\">\n\t\t\t<style>\/*! elementor - v3.7.4 - 31-08-2022 *\/\n.elementor-heading-title{padding:0;margin:0;line-height:1}.elementor-widget-heading .elementor-heading-title[class*=elementor-size-]>a{color:inherit;font-size:inherit;line-height:inherit}.elementor-widget-heading .elementor-heading-title.elementor-size-small{font-size:15px}.elementor-widget-heading .elementor-heading-title.elementor-size-medium{font-size:19px}.elementor-widget-heading .elementor-heading-title.elementor-size-large{font-size:29px}.elementor-widget-heading .elementor-heading-title.elementor-size-xl{font-size:39px}.elementor-widget-heading .elementor-heading-title.elementor-size-xxl{font-size:59px}<\/style><h5 class=\"elementor-heading-title elementor-size-default\">META\u015e GEM\u0130 S\u00d6K\u00dcM<\/h5>\t\t<\/div>\n\t\t\t\t<\/div>\n\t\t\t\t<div class=\"elementor-element elementor-element-4b26cfd6 elementor-widget elementor-widget-heading\" data-id=\"4b26cfd6\" data-element_type=\"widget\" data-widget_type=\"heading.default\">\n\t\t\t\t<div class=\"elementor-widget-container\">\n\t\t\t<h2 class=\"elementor-heading-title elementor-size-default\">HAKKIMIZDA<\/h2>\t\t<\/div>\n\t\t\t\t<\/div>\n\t\t\t\t<div class=\"elementor-element elementor-element-7e791d47 elementor-widget-divider--view-line elementor-widget elementor-widget-divider\" data-id=\"7e791d47\" data-element_type=\"widget\" data-widget_type=\"divider.default\">\n\t\t\t\t<div class=\"elementor-widget-container\">\n\t\t\t<style>\/*! elementor - v3.7.4 - 31-08-2022 *\/\n.elementor-widget-divider{--divider-border-style:none;--divider-border-width:1px;--divider-color:#2c2c2c;--divider-icon-size:20px;--divider-element-spacing:10px;--divider-pattern-height:24px;--divider-pattern-size:20px;--divider-pattern-url:none;--divider-pattern-repeat:repeat-x}.elementor-widget-divider .elementor-divider{display:-webkit-box;display:-ms-flexbox;display:flex}.elementor-widget-divider .elementor-divider__text{font-size:15px;line-height:1;max-width:95%}.elementor-widget-divider .elementor-divider__element{margin:0 var(--divider-element-spacing);-ms-flex-negative:0;flex-shrink:0}.elementor-widget-divider .elementor-icon{font-size:var(--divider-icon-size)}.elementor-widget-divider .elementor-divider-separator{display:-webkit-box;display:-ms-flexbox;display:flex;margin:0;direction:ltr}.elementor-widget-divider--view-line_icon .elementor-divider-separator,.elementor-widget-divider--view-line_text .elementor-divider-separator{-webkit-box-align:center;-ms-flex-align:center;align-items:center}.elementor-widget-divider--view-line_icon .elementor-divider-separator:after,.elementor-widget-divider--view-line_icon .elementor-divider-separator:before,.elementor-widget-divider--view-line_text .elementor-divider-separator:after,.elementor-widget-divider--view-line_text .elementor-divider-separator:before{display:block;content:\"\";border-bottom:0;-webkit-box-flex:1;-ms-flex-positive:1;flex-grow:1;border-top:var(--divider-border-width) var(--divider-border-style) var(--divider-color)}.elementor-widget-divider--element-align-left .elementor-divider .elementor-divider-separator>.elementor-divider__svg:first-of-type{-webkit-box-flex:0;-ms-flex-positive:0;flex-grow:0;-ms-flex-negative:100;flex-shrink:100}.elementor-widget-divider--element-align-left .elementor-divider-separator:before{content:none}.elementor-widget-divider--element-align-left .elementor-divider__element{margin-left:0}.elementor-widget-divider--element-align-right .elementor-divider .elementor-divider-separator>.elementor-divider__svg:last-of-type{-webkit-box-flex:0;-ms-flex-positive:0;flex-grow:0;-ms-flex-negative:100;flex-shrink:100}.elementor-widget-divider--element-align-right .elementor-divider-separator:after{content:none}.elementor-widget-divider--element-align-right .elementor-divider__element{margin-right:0}.elementor-widget-divider:not(.elementor-widget-divider--view-line_text):not(.elementor-widget-divider--view-line_icon) .elementor-divider-separator{border-top:var(--divider-border-width) var(--divider-border-style) var(--divider-color)}.elementor-widget-divider--separator-type-pattern{--divider-border-style:none}.elementor-widget-divider--separator-type-pattern.elementor-widget-divider--view-line .elementor-divider-separator,.elementor-widget-divider--separator-type-pattern:not(.elementor-widget-divider--view-line) .elementor-divider-separator:after,.elementor-widget-divider--separator-type-pattern:not(.elementor-widget-divider--view-line) .elementor-divider-separator:before,.elementor-widget-divider--separator-type-pattern:not([class*=elementor-widget-divider--view]) .elementor-divider-separator{width:100%;min-height:var(--divider-pattern-height);-webkit-mask-size:var(--divider-pattern-size) 100%;mask-size:var(--divider-pattern-size) 100%;-webkit-mask-repeat:var(--divider-pattern-repeat);mask-repeat:var(--divider-pattern-repeat);background-color:var(--divider-color);-webkit-mask-image:var(--divider-pattern-url);mask-image:var(--divider-pattern-url)}.elementor-widget-divider--no-spacing{--divider-pattern-size:auto}.elementor-widget-divider--bg-round{--divider-pattern-repeat:round}.rtl .elementor-widget-divider .elementor-divider__text{direction:rtl}.e-container>.elementor-widget-divider{width:var(--container-widget-width,100%);--flex-grow:var(--container-widget-flex-grow,0)}<\/style>\t\t<div class=\"elementor-divider\">\n\t\t\t<span class=\"elementor-divider-separator\">\n\t\t\t\t\t\t<\/span>\n\t\t<\/div>\n\t\t\t\t<\/div>\n\t\t\t\t<\/div>\n\t\t\t\t\t<\/div>\n\t\t<\/div>\n\t\t\t\t\t\t\t<\/div>\n\t\t<\/section>\n\t\t\t\t<section class=\"elementor-section elementor-inner-section elementor-element elementor-element-c646411 elementor-section-content-middle elementor-section-boxed elementor-section-height-default elementor-section-height-default\" data-id=\"c646411\" data-element_type=\"section\">\n\t\t\t\t\t\t<div class=\"elementor-container elementor-column-gap-no\">\n\t\t\t\t\t<div class=\"elementor-column elementor-col-100 elementor-inner-column elementor-element elementor-element-f66a293\" data-id=\"f66a293\" data-element_type=\"column\">\n\t\t\t<div class=\"elementor-widget-wrap elementor-element-populated\">\n\t\t\t\t\t\t\t\t<div class=\"elementor-element elementor-element-567449d9 elementor-widget elementor-widget-image\" data-id=\"567449d9\" data-element_type=\"widget\" data-widget_type=\"image.default\">\n\t\t\t\t<div class=\"elementor-widget-container\">\n\t\t\t<style>\/*! elementor - v3.7.4 - 31-08-2022 *\/\n.elementor-widget-image{text-align:center}.elementor-widget-image a{display:inline-block}.elementor-widget-image a img[src$=\".svg\"]{width:48px}.elementor-widget-image img{vertical-align:middle;display:inline-block}<\/style>\t\t\t\t\t\t\t\t\t\t\t\t<img decoding=\"async\" src=\"https:\/\/www.metasship.com\/wp-content\/uploads\/elementor\/thumbs\/metas-gemi-sokum-logo-CAEFF49DEF-seeklogo.com_-1-pgg863i9z0qmi96a2z8v92akytqih75i6xj4dbt3tk.png\" title=\"metas-gemi-sokum-logo-CAEFF49DEF-seeklogo.com\" alt=\"metas-gemi-sokum-logo-CAEFF49DEF-seeklogo.com\" \/>\t\t\t\t\t\t\t\t\t\t\t\t\t\t\t<\/div>\n\t\t\t\t<\/div>\n\t\t\t\t\t<\/div>\n\t\t<\/div>\n\t\t\t\t<div class=\"elementor-column elementor-col-100 elementor-inner-column elementor-element elementor-element-bc6326e\" data-id=\"bc6326e\" data-element_type=\"column\">\n\t\t\t<div class=\"elementor-widget-wrap elementor-element-populated\">\n\t\t\t\t\t\t\t\t<div class=\"elementor-element elementor-element-b212788 elementor-widget elementor-widget-text-editor\" data-id=\"b212788\" data-element_type=\"widget\" data-widget_type=\"text-editor.default\">\n\t\t\t\t<div class=\"elementor-widget-container\">\n\t\t\t<style>\/*! elementor - v3.7.4 - 31-08-2022 *\/\n.elementor-widget-text-editor.elementor-drop-cap-view-stacked .elementor-drop-cap{background-color:#818a91;color:#fff}.elementor-widget-text-editor.elementor-drop-cap-view-framed .elementor-drop-cap{color:#818a91;border:3px solid;background-color:transparent}.elementor-widget-text-editor:not(.elementor-drop-cap-view-default) .elementor-drop-cap{margin-top:8px}.elementor-widget-text-editor:not(.elementor-drop-cap-view-default) .elementor-drop-cap-letter{width:1em;height:1em}.elementor-widget-text-editor .elementor-drop-cap{float:left;text-align:center;line-height:1;font-size:50px}.elementor-widget-text-editor .elementor-drop-cap-letter{display:inline-block}<\/style>\t\t\t\t<p><strong>META\u015e GEM\u0130 S\u00d6K\u00dcM SAN. T\u0130C. A.\u015e.<\/strong>\u00a0 09.03.2021 tarihinde UAB Gemi Geri D\u00f6n\u00fc\u015f\u00fcm yetki belgesi ve \u00c7SB Gemi S\u00f6k\u00fcm izni alarak Alia\u011fa gemi s\u00f6k\u00fcm b\u00f6lgesi 6-7 no&#8217;lu parsellerde gemi geri d\u00f6n\u00fc\u015f\u00fcm faaliyetlerine ba\u015flam\u0131\u015ft\u0131r. Ekonomik \u00f6mr\u00fcn\u00fc tamamlayan gemiler sat\u0131n al\u0131narak tesislere getirilmekte ve taraf oldu\u011fumuz Basel, IMO, ILO-HONG KONG s\u00f6zle\u015fmeleri, AB Y\u00f6netmeli\u011fi ile ulusal mevzuatlar kapsam\u0131nda s\u00f6k\u00fclerek geri kazan\u0131lmaktad\u0131r.<\/p><p>Tesisimiz modern ekipmanlarla donat\u0131lm\u0131\u015f olmas\u0131 yan\u0131 s\u0131ra t\u00fcm ulusal ve uluslararas\u0131 mevzuat ve standardizasyona uyum sa\u011flam\u0131\u015ft\u0131r.<\/p>\t\t\t\t\t\t<\/div>\n\t\t\t\t<\/div>\n\t\t\t\t\t<\/div>\n\t\t<\/div>\n\t\t\t\t\t\t\t<\/div>\n\t\t<\/section>\n\t\t\t\t<section class=\"elementor-section elementor-inner-section elementor-element elementor-element-639ba71f elementor-section-content-middle elementor-section-boxed elementor-section-height-default elementor-section-height-default\" data-id=\"639ba71f\" data-element_type=\"section\">\n\t\t\t\t\t\t<div class=\"elementor-container elementor-column-gap-default\">\n\t\t\t\t\t<div class=\"elementor-column elementor-col-100 elementor-inner-column elementor-element elementor-element-3b9cce9e\" data-id=\"3b9cce9e\" data-element_type=\"column\">\n\t\t\t<div class=\"elementor-widget-wrap elementor-element-populated\">\n\t\t\t\t\t\t\t\t<div class=\"elementor-element elementor-element-317e0afe elementor-widget elementor-widget-text-editor\" data-id=\"317e0afe\" data-element_type=\"widget\" data-widget_type=\"text-editor.default\">\n\t\t\t\t<div class=\"elementor-widget-container\">\n\t\t\t\t\t\t\t<p>\u00c7evre duyarl\u0131l\u0131\u011f\u0131n\u0131 ve \u0130\u015f G\u00fcvenli\u011fini ilke haline getirmi\u015f olan Meta\u015f, bu ilkesini s\u00fcrd\u00fcrebilmek ad\u0131na t\u00fcm \u00e7al\u0131\u015fanlar\u0131na gerekli e\u011fitim imk\u00e2nlar\u0131n\u0131 sa\u011flamaktad\u0131r. Bu da \u015firketimizi Uluslararas\u0131 arenada olduk\u00e7a tan\u0131n\u0131r ve tercih edilir bir Gemi S\u00f6k\u00fcm Tesisi yapmaktad\u0131r. \u00a0\u00a0\u00a0\u00a0<\/p><p>Ana faaliyetimiz; hurda gemilerin yap\u0131sal elemanlar\u0131 (\u00e7elik, krom, sar\u0131-k\u0131z\u0131l, al\u00fcminyum vb.) ile gemi donan\u0131mlar\u0131 (Ana makine- elektrik- elektronik sistemleri- kreynler jenerat\u00f6r-pompa-seyir sistemleri), can kurtarma ve denizde hayat\u0131 idame ekipmanlar\u0131n\u0131n (can sal\u0131-filika-\u00e7apa zincir-\u0131rgat vb.) geri d\u00f6n\u00fc\u015f\u00fcme\/yeniden kullan\u0131m\u0131na sunularak do\u011fal kaynaklar\u0131n etkin ve verimli kullan\u0131lmas\u0131na katk\u0131 sa\u011flamakt\u0131r.<\/p>\t\t\t\t\t\t<\/div>\n\t\t\t\t<\/div>\n\t\t\t\t<div class=\"elementor-element elementor-element-5cba1d7e elementor-align-center elementor-widget elementor-widget-button\" data-id=\"5cba1d7e\" data-element_type=\"widget\" data-widget_type=\"button.default\">\n\t\t\t\t<div class=\"elementor-widget-container\">\n\t\t\t\t\t<div class=\"elementor-button-wrapper\">\n\t\t\t<a href=\"https:\/\/www.metasship.com\/index.php\/iletisim\/\" class=\"elementor-button-link elementor-button elementor-size-md elementor-animation-float\" role=\"button\">\n\t\t\t\t\t\t<span class=\"elementor-button-content-wrapper\">\n\t\t\t\t\t\t<span class=\"elementor-button-text\">Bize ula\u015f\u0131n<\/span>\n\t\t<\/span>\n\t\t\t\t\t<\/a>\n\t\t<\/div>\n\t\t\t\t<\/div>\n\t\t\t\t<\/div>\n\t\t\t\t\t<\/div>\n\t\t<\/div>\n\t\t\t\t\t\t\t<\/div>\n\t\t<\/section>\n\t\t\t\t\t<\/div>\n\t\t<\/div>\n\t\t\t\t\t\t\t<\/div>\n\t\t<\/section>\n\t\t\t\t\t\t\t<\/div>\n\t\t","protected":false},"excerpt":{"rendered":"<p>META\u015e GEM\u0130 S\u00d6K\u00dcM HAKKIMIZDA META\u015e GEM\u0130 S\u00d6K\u00dcM SAN. T\u0130C. A.\u015e.\u00a0 09.03.2021 tarihinde UAB Gemi Geri D\u00f6n\u00fc\u015f\u00fcm yetki belgesi ve \u00c7SB Gemi S\u00f6k\u00fcm izni alarak Alia\u011fa gemi s\u00f6k\u00fcm b\u00f6lgesi 6-7 no&#8217;lu parsellerde gemi geri d\u00f6n\u00fc\u015f\u00fcm faaliyetlerine ba\u015flam\u0131\u015ft\u0131r. Ekonomik \u00f6mr\u00fcn\u00fc tamamlayan gemiler sat\u0131n al\u0131narak tesislere getirilmekte ve taraf oldu\u011fumuz Basel, IMO, ILO-HONG KONG s\u00f6zle\u015fmeleri, AB Y\u00f6netmeli\u011fi ile [&hellip;]<\/p>\n","protected":false},"author":1,"featured_media":0,"parent":0,"menu_order":0,"comment_status":"closed","ping_status":"closed","template":"elementor_header_footer","meta":{"footnotes":""},"class_list":["post-51","page","type-page","status-publish","hentry"],"_links":{"self":[{"href":"https:\/\/www.metasship.com\/index.php\/wp-json\/wp\/v2\/pages\/51","targetHints":{"allow":["GET"]}}],"collection":[{"href":"https:\/\/www.metasship.com\/index.php\/wp-json\/wp\/v2\/pages"}],"about":[{"href":"https:\/\/www.metasship.com\/index.php\/wp-json\/wp\/v2\/types\/page"}],"author":[{"embeddable":true,"href":"https:\/\/www.metasship.com\/index.php\/wp-json\/wp\/v2\/users\/1"}],"replies":[{"embeddable":true,"href":"https:\/\/www.metasship.com\/index.php\/wp-json\/wp\/v2\/comments?post=51"}],"version-history":[{"count":235,"href":"https:\/\/www.metasship.com\/index.php\/wp-json\/wp\/v2\/pages\/51\/revisions"}],"predecessor-version":[{"id":2151,"href":"https:\/\/www.metasship.com\/index.php\/wp-json\/wp\/v2\/pages\/51\/revisions\/2151"}],"wp:attachment":[{"href":"https:\/\/www.metasship.com\/index.php\/wp-json\/wp\/v2\/media?parent=51"}],"curies":[{"name":"wp","href":"https:\/\/api.w.org\/{rel}","templated":true}]}}