{"id":53,"date":"2021-11-23T09:09:51","date_gmt":"2021-11-23T06:09:51","guid":{"rendered":"https:\/\/www.metasship.com\/?page_id=53"},"modified":"2021-12-04T10:09:04","modified_gmt":"2021-12-04T07:09:04","slug":"sertifikalar","status":"publish","type":"page","link":"https:\/\/www.metasship.com\/index.php\/sertifikalar\/","title":{"rendered":"SERT\u0130F\u0130KALAR"},"content":{"rendered":"\t\t<div data-elementor-type=\"wp-page\" data-elementor-id=\"53\" class=\"elementor elementor-53\">\n\t\t\t\t\t\t\t\t\t<section class=\"elementor-section elementor-top-section elementor-element elementor-element-bae4e6d elementor-section-boxed elementor-section-height-default elementor-section-height-default\" data-id=\"bae4e6d\" data-element_type=\"section\">\n\t\t\t\t\t\t<div class=\"elementor-container elementor-column-gap-default\">\n\t\t\t\t\t<div class=\"elementor-column elementor-col-100 elementor-top-column elementor-element elementor-element-c89bc29\" data-id=\"c89bc29\" data-element_type=\"column\">\n\t\t\t<div class=\"elementor-widget-wrap elementor-element-populated\">\n\t\t\t\t\t\t\t\t<div class=\"elementor-element elementor-element-940a43c gallery-spacing-custom elementor-widget elementor-widget-image-gallery\" data-id=\"940a43c\" data-element_type=\"widget\" data-widget_type=\"image-gallery.default\">\n\t\t\t\t<div class=\"elementor-widget-container\">\n\t\t\t<style>\/*! elementor - v3.7.4 - 31-08-2022 *\/\n.elementor-image-gallery .gallery-item{display:inline-block;text-align:center;vertical-align:top;width:100%;max-width:100%;margin:0 auto}.elementor-image-gallery .gallery-item img{margin:0 auto}.elementor-image-gallery .gallery-item .gallery-caption{margin:0}.elementor-image-gallery figure img{display:block}.elementor-image-gallery figure figcaption{width:100%}.gallery-spacing-custom .elementor-image-gallery .gallery-icon{padding:0}@media (min-width:768px){.elementor-image-gallery .gallery-columns-2 .gallery-item{max-width:50%}.elementor-image-gallery .gallery-columns-3 .gallery-item{max-width:33.33%}.elementor-image-gallery .gallery-columns-4 .gallery-item{max-width:25%}.elementor-image-gallery .gallery-columns-5 .gallery-item{max-width:20%}.elementor-image-gallery .gallery-columns-6 .gallery-item{max-width:16.666%}.elementor-image-gallery .gallery-columns-7 .gallery-item{max-width:14.28%}.elementor-image-gallery .gallery-columns-8 .gallery-item{max-width:12.5%}.elementor-image-gallery .gallery-columns-9 .gallery-item{max-width:11.11%}.elementor-image-gallery .gallery-columns-10 .gallery-item{max-width:10%}}@media (min-width:480px) and (max-width:767px){.elementor-image-gallery .gallery.gallery-columns-2 .gallery-item,.elementor-image-gallery .gallery.gallery-columns-3 .gallery-item,.elementor-image-gallery .gallery.gallery-columns-4 .gallery-item,.elementor-image-gallery .gallery.gallery-columns-5 .gallery-item,.elementor-image-gallery .gallery.gallery-columns-6 .gallery-item,.elementor-image-gallery .gallery.gallery-columns-7 .gallery-item,.elementor-image-gallery .gallery.gallery-columns-8 .gallery-item,.elementor-image-gallery .gallery.gallery-columns-9 .gallery-item,.elementor-image-gallery .gallery.gallery-columns-10 .gallery-item{max-width:50%}}@media (max-width:479px){.elementor-image-gallery .gallery.gallery-columns-2 .gallery-item,.elementor-image-gallery .gallery.gallery-columns-3 .gallery-item,.elementor-image-gallery .gallery.gallery-columns-4 .gallery-item,.elementor-image-gallery .gallery.gallery-columns-5 .gallery-item,.elementor-image-gallery .gallery.gallery-columns-6 .gallery-item,.elementor-image-gallery .gallery.gallery-columns-7 .gallery-item,.elementor-image-gallery .gallery.gallery-columns-8 .gallery-item,.elementor-image-gallery .gallery.gallery-columns-9 .gallery-item,.elementor-image-gallery .gallery.gallery-columns-10 .gallery-item{max-width:100%}}<\/style>\t\t<div class=\"elementor-image-gallery\">\n\t\t\t<div id='gallery-1' class='gallery galleryid-53 gallery-columns-3 gallery-size-medium_large'><figure class='gallery-item'>\n\t\t\t<div class='gallery-icon portrait'>\n\t\t\t\t<a data-elementor-open-lightbox=\"yes\" data-elementor-lightbox-slideshow=\"940a43c\" data-elementor-lightbox-title=\"\u0131so 45001\" e-action-hash=\"#elementor-action%3Aaction%3Dlightbox%26settings%3DeyJpZCI6MTc4NywidXJsIjoiaHR0cHM6XC9cL3d3dy5tZXRhc3NoaXAuY29tXC93cC1jb250ZW50XC91cGxvYWRzXC8yMDIxXC8xMlwvaXNvLTQ1MDAxLmpwZyIsInNsaWRlc2hvdyI6Ijk0MGE0M2MifQ%3D%3D\" href='https:\/\/www.metasship.com\/wp-content\/uploads\/2021\/12\/iso-45001.jpg'><img loading=\"lazy\" decoding=\"async\" width=\"680\" height=\"970\" src=\"https:\/\/www.metasship.com\/wp-content\/uploads\/2021\/12\/iso-45001.jpg\" class=\"attachment-medium_large size-medium_large\" alt=\"\" srcset=\"https:\/\/www.metasship.com\/wp-content\/uploads\/2021\/12\/iso-45001.jpg 680w, https:\/\/www.metasship.com\/wp-content\/uploads\/2021\/12\/iso-45001-210x300.jpg 210w\" sizes=\"auto, (max-width: 680px) 100vw, 680px\" \/><\/a>\n\t\t\t<\/div><\/figure><figure class='gallery-item'>\n\t\t\t<div class='gallery-icon portrait'>\n\t\t\t\t<a data-elementor-open-lightbox=\"yes\" data-elementor-lightbox-slideshow=\"940a43c\" data-elementor-lightbox-title=\"\u0131so 30000\" e-action-hash=\"#elementor-action%3Aaction%3Dlightbox%26settings%3DeyJpZCI6MTc4NiwidXJsIjoiaHR0cHM6XC9cL3d3dy5tZXRhc3NoaXAuY29tXC93cC1jb250ZW50XC91cGxvYWRzXC8yMDIxXC8xMlwvaXNvLTMwMDAwLmpwZyIsInNsaWRlc2hvdyI6Ijk0MGE0M2MifQ%3D%3D\" href='https:\/\/www.metasship.com\/wp-content\/uploads\/2021\/12\/iso-30000.jpg'><img loading=\"lazy\" decoding=\"async\" width=\"666\" height=\"970\" src=\"https:\/\/www.metasship.com\/wp-content\/uploads\/2021\/12\/iso-30000.jpg\" class=\"attachment-medium_large size-medium_large\" alt=\"\" srcset=\"https:\/\/www.metasship.com\/wp-content\/uploads\/2021\/12\/iso-30000.jpg 666w, https:\/\/www.metasship.com\/wp-content\/uploads\/2021\/12\/iso-30000-206x300.jpg 206w\" sizes=\"auto, (max-width: 666px) 100vw, 666px\" \/><\/a>\n\t\t\t<\/div><\/figure><figure class='gallery-item'>\n\t\t\t<div class='gallery-icon portrait'>\n\t\t\t\t<a data-elementor-open-lightbox=\"yes\" data-elementor-lightbox-slideshow=\"940a43c\" data-elementor-lightbox-title=\"\u0131so 14001\" e-action-hash=\"#elementor-action%3Aaction%3Dlightbox%26settings%3DeyJpZCI6MTc4NSwidXJsIjoiaHR0cHM6XC9cL3d3dy5tZXRhc3NoaXAuY29tXC93cC1jb250ZW50XC91cGxvYWRzXC8yMDIxXC8xMlwvaXNvLTE0MDAxLmpwZyIsInNsaWRlc2hvdyI6Ijk0MGE0M2MifQ%3D%3D\" href='https:\/\/www.metasship.com\/wp-content\/uploads\/2021\/12\/iso-14001.jpg'><img loading=\"lazy\" decoding=\"async\" width=\"671\" height=\"970\" src=\"https:\/\/www.metasship.com\/wp-content\/uploads\/2021\/12\/iso-14001.jpg\" class=\"attachment-medium_large size-medium_large\" alt=\"\" srcset=\"https:\/\/www.metasship.com\/wp-content\/uploads\/2021\/12\/iso-14001.jpg 671w, https:\/\/www.metasship.com\/wp-content\/uploads\/2021\/12\/iso-14001-208x300.jpg 208w\" sizes=\"auto, (max-width: 671px) 100vw, 671px\" \/><\/a>\n\t\t\t<\/div><\/figure><figure class='gallery-item'>\n\t\t\t<div class='gallery-icon portrait'>\n\t\t\t\t<a data-elementor-open-lightbox=\"yes\" data-elementor-lightbox-slideshow=\"940a43c\" data-elementor-lightbox-title=\"\u0131so 9001\" e-action-hash=\"#elementor-action%3Aaction%3Dlightbox%26settings%3DeyJpZCI6MTc4NCwidXJsIjoiaHR0cHM6XC9cL3d3dy5tZXRhc3NoaXAuY29tXC93cC1jb250ZW50XC91cGxvYWRzXC8yMDIxXC8xMlwvaXNvLTkwMDEuanBnIiwic2xpZGVzaG93IjoiOTQwYTQzYyJ9\" href='https:\/\/www.metasship.com\/wp-content\/uploads\/2021\/12\/iso-9001.jpg'><img loading=\"lazy\" decoding=\"async\" width=\"676\" height=\"970\" src=\"https:\/\/www.metasship.com\/wp-content\/uploads\/2021\/12\/iso-9001.jpg\" class=\"attachment-medium_large size-medium_large\" alt=\"\" srcset=\"https:\/\/www.metasship.com\/wp-content\/uploads\/2021\/12\/iso-9001.jpg 676w, https:\/\/www.metasship.com\/wp-content\/uploads\/2021\/12\/iso-9001-209x300.jpg 209w\" sizes=\"auto, (max-width: 676px) 100vw, 676px\" \/><\/a>\n\t\t\t<\/div><\/figure><figure class='gallery-item'>\n\t\t\t<div class='gallery-icon portrait'>\n\t\t\t\t<a data-elementor-open-lightbox=\"yes\" data-elementor-lightbox-slideshow=\"940a43c\" data-elementor-lightbox-title=\"hong kong\" e-action-hash=\"#elementor-action%3Aaction%3Dlightbox%26settings%3DeyJpZCI6MTc4MywidXJsIjoiaHR0cHM6XC9cL3d3dy5tZXRhc3NoaXAuY29tXC93cC1jb250ZW50XC91cGxvYWRzXC8yMDIxXC8xMlwvaG9uZy1rb25nLmpwZyIsInNsaWRlc2hvdyI6Ijk0MGE0M2MifQ%3D%3D\" href='https:\/\/www.metasship.com\/wp-content\/uploads\/2021\/12\/hong-kong.jpg'><img loading=\"lazy\" decoding=\"async\" width=\"682\" height=\"970\" src=\"https:\/\/www.metasship.com\/wp-content\/uploads\/2021\/12\/hong-kong.jpg\" class=\"attachment-medium_large size-medium_large\" alt=\"\" srcset=\"https:\/\/www.metasship.com\/wp-content\/uploads\/2021\/12\/hong-kong.jpg 682w, https:\/\/www.metasship.com\/wp-content\/uploads\/2021\/12\/hong-kong-211x300.jpg 211w\" sizes=\"auto, (max-width: 682px) 100vw, 682px\" \/><\/a>\n\t\t\t<\/div><\/figure><figure class='gallery-item'>\n\t\t\t<div class='gallery-icon portrait'>\n\t\t\t\t<a data-elementor-open-lightbox=\"yes\" data-elementor-lightbox-slideshow=\"940a43c\" data-elementor-lightbox-title=\"hong kong 2\" e-action-hash=\"#elementor-action%3Aaction%3Dlightbox%26settings%3DeyJpZCI6MTc4MiwidXJsIjoiaHR0cHM6XC9cL3d3dy5tZXRhc3NoaXAuY29tXC93cC1jb250ZW50XC91cGxvYWRzXC8yMDIxXC8xMlwvaG9uZy1rb25nLTIuanBnIiwic2xpZGVzaG93IjoiOTQwYTQzYyJ9\" href='https:\/\/www.metasship.com\/wp-content\/uploads\/2021\/12\/hong-kong-2.jpg'><img loading=\"lazy\" decoding=\"async\" width=\"679\" height=\"970\" src=\"https:\/\/www.metasship.com\/wp-content\/uploads\/2021\/12\/hong-kong-2.jpg\" class=\"attachment-medium_large size-medium_large\" alt=\"\" srcset=\"https:\/\/www.metasship.com\/wp-content\/uploads\/2021\/12\/hong-kong-2.jpg 679w, https:\/\/www.metasship.com\/wp-content\/uploads\/2021\/12\/hong-kong-2-210x300.jpg 210w\" sizes=\"auto, (max-width: 679px) 100vw, 679px\" \/><\/a>\n\t\t\t<\/div><\/figure><figure class='gallery-item'>\n\t\t\t<div class='gallery-icon landscape'>\n\t\t\t\t<a data-elementor-open-lightbox=\"yes\" data-elementor-lightbox-slideshow=\"940a43c\" data-elementor-lightbox-title=\"\u00e7evre gemi s\u00f6k\u00fcm izni\" e-action-hash=\"#elementor-action%3Aaction%3Dlightbox%26settings%3DeyJpZCI6MTc4MSwidXJsIjoiaHR0cHM6XC9cL3d3dy5tZXRhc3NoaXAuY29tXC93cC1jb250ZW50XC91cGxvYWRzXC8yMDIxXC8xMlwvY2V2cmUtZ2VtaS1zb2t1bS1pem5pLmpwZyIsInNsaWRlc2hvdyI6Ijk0MGE0M2MifQ%3D%3D\" href='https:\/\/www.metasship.com\/wp-content\/uploads\/2021\/12\/cevre-gemi-sokum-izni.jpg'><img loading=\"lazy\" decoding=\"async\" width=\"730\" height=\"486\" src=\"https:\/\/www.metasship.com\/wp-content\/uploads\/2021\/12\/cevre-gemi-sokum-izni.jpg\" class=\"attachment-medium_large size-medium_large\" alt=\"\" srcset=\"https:\/\/www.metasship.com\/wp-content\/uploads\/2021\/12\/cevre-gemi-sokum-izni.jpg 730w, https:\/\/www.metasship.com\/wp-content\/uploads\/2021\/12\/cevre-gemi-sokum-izni-300x200.jpg 300w\" sizes=\"auto, (max-width: 730px) 100vw, 730px\" \/><\/a>\n\t\t\t<\/div><\/figure><figure class='gallery-item'>\n\t\t\t<div class='gallery-icon landscape'>\n\t\t\t\t<a data-elementor-open-lightbox=\"yes\" data-elementor-lightbox-slideshow=\"940a43c\" data-elementor-lightbox-title=\"ula\u015ft\u0131rma s\u00f6k\u00fcm\" e-action-hash=\"#elementor-action%3Aaction%3Dlightbox%26settings%3DeyJpZCI6MTc4OCwidXJsIjoiaHR0cHM6XC9cL3d3dy5tZXRhc3NoaXAuY29tXC93cC1jb250ZW50XC91cGxvYWRzXC8yMDIxXC8xMlwvdWxhc3Rpcm1hLXNva3VtLmpwZyIsInNsaWRlc2hvdyI6Ijk0MGE0M2MifQ%3D%3D\" href='https:\/\/www.metasship.com\/wp-content\/uploads\/2021\/12\/ulastirma-sokum.jpg'><img loading=\"lazy\" decoding=\"async\" width=\"730\" height=\"489\" src=\"https:\/\/www.metasship.com\/wp-content\/uploads\/2021\/12\/ulastirma-sokum.jpg\" class=\"attachment-medium_large size-medium_large\" alt=\"\" srcset=\"https:\/\/www.metasship.com\/wp-content\/uploads\/2021\/12\/ulastirma-sokum.jpg 730w, https:\/\/www.metasship.com\/wp-content\/uploads\/2021\/12\/ulastirma-sokum-300x201.jpg 300w\" sizes=\"auto, (max-width: 730px) 100vw, 730px\" \/><\/a>\n\t\t\t<\/div><\/figure>\n\t\t<\/div>\n\t\t<\/div>\n\t\t\t\t<\/div>\n\t\t\t\t<\/div>\n\t\t\t\t\t<\/div>\n\t\t<\/div>\n\t\t\t\t\t\t\t<\/div>\n\t\t<\/section>\n\t\t\t\t\t\t\t<\/div>\n\t\t","protected":false},"excerpt":{"rendered":"","protected":false},"author":1,"featured_media":0,"parent":0,"menu_order":0,"comment_status":"closed","ping_status":"closed","template":"elementor_header_footer","meta":{"footnotes":""},"class_list":["post-53","page","type-page","status-publish","hentry"],"_links":{"self":[{"href":"https:\/\/www.metasship.com\/index.php\/wp-json\/wp\/v2\/pages\/53","targetHints":{"allow":["GET"]}}],"collection":[{"href":"https:\/\/www.metasship.com\/index.php\/wp-json\/wp\/v2\/pages"}],"about":[{"href":"https:\/\/www.metasship.com\/index.php\/wp-json\/wp\/v2\/types\/page"}],"author":[{"embeddable":true,"href":"https:\/\/www.metasship.com\/index.php\/wp-json\/wp\/v2\/users\/1"}],"replies":[{"embeddable":true,"href":"https:\/\/www.metasship.com\/index.php\/wp-json\/wp\/v2\/comments?post=53"}],"version-history":[{"count":19,"href":"https:\/\/www.metasship.com\/index.php\/wp-json\/wp\/v2\/pages\/53\/revisions"}],"predecessor-version":[{"id":1804,"href":"https:\/\/www.metasship.com\/index.php\/wp-json\/wp\/v2\/pages\/53\/revisions\/1804"}],"wp:attachment":[{"href":"https:\/\/www.metasship.com\/index.php\/wp-json\/wp\/v2\/media?parent=53"}],"curies":[{"name":"wp","href":"https:\/\/api.w.org\/{rel}","templated":true}]}}