{"id":63,"date":"2021-11-23T09:23:40","date_gmt":"2021-11-23T06:23:40","guid":{"rendered":"https:\/\/www.metasship.com\/?page_id=63"},"modified":"2022-01-21T10:38:10","modified_gmt":"2022-01-21T07:38:10","slug":"isg-yonetimi","status":"publish","type":"page","link":"https:\/\/www.metasship.com\/index.php\/isg-yonetimi\/","title":{"rendered":"\u0130SG Y\u00d6NET\u0130M\u0130"},"content":{"rendered":"\t\t<div data-elementor-type=\"wp-page\" data-elementor-id=\"63\" class=\"elementor elementor-63\">\n\t\t\t\t\t\t\t\t\t<section class=\"elementor-section elementor-top-section elementor-element elementor-element-47202229 elementor-section-content-middle elementor-section-boxed elementor-section-height-default elementor-section-height-default\" data-id=\"47202229\" data-element_type=\"section\" data-settings=\"{&quot;background_background&quot;:&quot;classic&quot;}\">\n\t\t\t\t\t\t<div class=\"elementor-container elementor-column-gap-default\">\n\t\t\t\t\t<div class=\"elementor-column elementor-col-100 elementor-top-column elementor-element elementor-element-53c3ec76\" data-id=\"53c3ec76\" data-element_type=\"column\">\n\t\t\t<div class=\"elementor-widget-wrap elementor-element-populated\">\n\t\t\t\t\t\t\t\t<section class=\"elementor-section elementor-inner-section elementor-element elementor-element-f0f0890 elementor-section-boxed elementor-section-height-default elementor-section-height-default\" data-id=\"f0f0890\" data-element_type=\"section\">\n\t\t\t\t\t\t<div class=\"elementor-container elementor-column-gap-default\">\n\t\t\t\t\t<div class=\"elementor-column elementor-col-100 elementor-inner-column elementor-element elementor-element-36331c7\" data-id=\"36331c7\" data-element_type=\"column\">\n\t\t\t<div class=\"elementor-widget-wrap elementor-element-populated\">\n\t\t\t\t\t\t\t\t<div class=\"elementor-element elementor-element-2dde8828 elementor-widget elementor-widget-heading\" data-id=\"2dde8828\" data-element_type=\"widget\" data-widget_type=\"heading.default\">\n\t\t\t\t<div class=\"elementor-widget-container\">\n\t\t\t<style>\/*! elementor - v3.7.4 - 31-08-2022 *\/\n.elementor-heading-title{padding:0;margin:0;line-height:1}.elementor-widget-heading .elementor-heading-title[class*=elementor-size-]>a{color:inherit;font-size:inherit;line-height:inherit}.elementor-widget-heading .elementor-heading-title.elementor-size-small{font-size:15px}.elementor-widget-heading .elementor-heading-title.elementor-size-medium{font-size:19px}.elementor-widget-heading .elementor-heading-title.elementor-size-large{font-size:29px}.elementor-widget-heading .elementor-heading-title.elementor-size-xl{font-size:39px}.elementor-widget-heading .elementor-heading-title.elementor-size-xxl{font-size:59px}<\/style><h5 class=\"elementor-heading-title elementor-size-default\">meta\u015f gemi s\u00f6k\u00fcm<\/h5>\t\t<\/div>\n\t\t\t\t<\/div>\n\t\t\t\t<div class=\"elementor-element elementor-element-500e99af elementor-widget elementor-widget-heading\" data-id=\"500e99af\" data-element_type=\"widget\" data-widget_type=\"heading.default\">\n\t\t\t\t<div class=\"elementor-widget-container\">\n\t\t\t<h2 class=\"elementor-heading-title elementor-size-default\">\u0130SG Y\u00d6NET\u0130M\u0130<\/h2>\t\t<\/div>\n\t\t\t\t<\/div>\n\t\t\t\t<div class=\"elementor-element elementor-element-4120e66b elementor-widget-divider--view-line elementor-widget elementor-widget-divider\" data-id=\"4120e66b\" data-element_type=\"widget\" data-widget_type=\"divider.default\">\n\t\t\t\t<div class=\"elementor-widget-container\">\n\t\t\t<style>\/*! elementor - v3.7.4 - 31-08-2022 *\/\n.elementor-widget-divider{--divider-border-style:none;--divider-border-width:1px;--divider-color:#2c2c2c;--divider-icon-size:20px;--divider-element-spacing:10px;--divider-pattern-height:24px;--divider-pattern-size:20px;--divider-pattern-url:none;--divider-pattern-repeat:repeat-x}.elementor-widget-divider .elementor-divider{display:-webkit-box;display:-ms-flexbox;display:flex}.elementor-widget-divider .elementor-divider__text{font-size:15px;line-height:1;max-width:95%}.elementor-widget-divider .elementor-divider__element{margin:0 var(--divider-element-spacing);-ms-flex-negative:0;flex-shrink:0}.elementor-widget-divider .elementor-icon{font-size:var(--divider-icon-size)}.elementor-widget-divider .elementor-divider-separator{display:-webkit-box;display:-ms-flexbox;display:flex;margin:0;direction:ltr}.elementor-widget-divider--view-line_icon .elementor-divider-separator,.elementor-widget-divider--view-line_text .elementor-divider-separator{-webkit-box-align:center;-ms-flex-align:center;align-items:center}.elementor-widget-divider--view-line_icon .elementor-divider-separator:after,.elementor-widget-divider--view-line_icon .elementor-divider-separator:before,.elementor-widget-divider--view-line_text .elementor-divider-separator:after,.elementor-widget-divider--view-line_text .elementor-divider-separator:before{display:block;content:\"\";border-bottom:0;-webkit-box-flex:1;-ms-flex-positive:1;flex-grow:1;border-top:var(--divider-border-width) var(--divider-border-style) var(--divider-color)}.elementor-widget-divider--element-align-left .elementor-divider .elementor-divider-separator>.elementor-divider__svg:first-of-type{-webkit-box-flex:0;-ms-flex-positive:0;flex-grow:0;-ms-flex-negative:100;flex-shrink:100}.elementor-widget-divider--element-align-left .elementor-divider-separator:before{content:none}.elementor-widget-divider--element-align-left .elementor-divider__element{margin-left:0}.elementor-widget-divider--element-align-right .elementor-divider .elementor-divider-separator>.elementor-divider__svg:last-of-type{-webkit-box-flex:0;-ms-flex-positive:0;flex-grow:0;-ms-flex-negative:100;flex-shrink:100}.elementor-widget-divider--element-align-right .elementor-divider-separator:after{content:none}.elementor-widget-divider--element-align-right .elementor-divider__element{margin-right:0}.elementor-widget-divider:not(.elementor-widget-divider--view-line_text):not(.elementor-widget-divider--view-line_icon) .elementor-divider-separator{border-top:var(--divider-border-width) var(--divider-border-style) var(--divider-color)}.elementor-widget-divider--separator-type-pattern{--divider-border-style:none}.elementor-widget-divider--separator-type-pattern.elementor-widget-divider--view-line .elementor-divider-separator,.elementor-widget-divider--separator-type-pattern:not(.elementor-widget-divider--view-line) .elementor-divider-separator:after,.elementor-widget-divider--separator-type-pattern:not(.elementor-widget-divider--view-line) .elementor-divider-separator:before,.elementor-widget-divider--separator-type-pattern:not([class*=elementor-widget-divider--view]) .elementor-divider-separator{width:100%;min-height:var(--divider-pattern-height);-webkit-mask-size:var(--divider-pattern-size) 100%;mask-size:var(--divider-pattern-size) 100%;-webkit-mask-repeat:var(--divider-pattern-repeat);mask-repeat:var(--divider-pattern-repeat);background-color:var(--divider-color);-webkit-mask-image:var(--divider-pattern-url);mask-image:var(--divider-pattern-url)}.elementor-widget-divider--no-spacing{--divider-pattern-size:auto}.elementor-widget-divider--bg-round{--divider-pattern-repeat:round}.rtl .elementor-widget-divider .elementor-divider__text{direction:rtl}.e-container>.elementor-widget-divider{width:var(--container-widget-width,100%);--flex-grow:var(--container-widget-flex-grow,0)}<\/style>\t\t<div class=\"elementor-divider\">\n\t\t\t<span class=\"elementor-divider-separator\">\n\t\t\t\t\t\t<\/span>\n\t\t<\/div>\n\t\t\t\t<\/div>\n\t\t\t\t<\/div>\n\t\t\t\t\t<\/div>\n\t\t<\/div>\n\t\t\t\t\t\t\t<\/div>\n\t\t<\/section>\n\t\t\t\t<section class=\"elementor-section elementor-inner-section elementor-element elementor-element-7c0dd256 elementor-section-content-middle elementor-section-boxed elementor-section-height-default elementor-section-height-default\" data-id=\"7c0dd256\" data-element_type=\"section\">\n\t\t\t\t\t\t<div class=\"elementor-container elementor-column-gap-no\">\n\t\t\t\t\t<div class=\"elementor-column elementor-col-100 elementor-inner-column elementor-element elementor-element-18c55cd4\" data-id=\"18c55cd4\" data-element_type=\"column\">\n\t\t\t<div class=\"elementor-widget-wrap elementor-element-populated\">\n\t\t\t\t\t\t\t\t<div class=\"elementor-element elementor-element-25039a9d elementor-widget elementor-widget-text-editor\" data-id=\"25039a9d\" data-element_type=\"widget\" data-widget_type=\"text-editor.default\">\n\t\t\t\t<div class=\"elementor-widget-container\">\n\t\t\t<style>\/*! elementor - v3.7.4 - 31-08-2022 *\/\n.elementor-widget-text-editor.elementor-drop-cap-view-stacked .elementor-drop-cap{background-color:#818a91;color:#fff}.elementor-widget-text-editor.elementor-drop-cap-view-framed .elementor-drop-cap{color:#818a91;border:3px solid;background-color:transparent}.elementor-widget-text-editor:not(.elementor-drop-cap-view-default) .elementor-drop-cap{margin-top:8px}.elementor-widget-text-editor:not(.elementor-drop-cap-view-default) .elementor-drop-cap-letter{width:1em;height:1em}.elementor-widget-text-editor .elementor-drop-cap{float:left;text-align:center;line-height:1;font-size:50px}.elementor-widget-text-editor .elementor-drop-cap-letter{display:inline-block}<\/style>\t\t\t\t<p>\u00a0 \u00a0 \u00a0 \u00a0 Gemi geri d\u00f6n\u00fc\u015f\u00fcm faaliyetlerimizin ISO 45001\/2018 \u0130\u015f\u00e7i Sa\u011fl\u0131\u011f\u0131 ve G\u00fcvenli\u011fine uyumlu olarak yap\u0131lmas\u0131 maksad\u0131yla, risklerin belirlenmesi, al\u0131nacak tedbirler, \u00e7al\u0131\u015fanlar\u0131n bilin\u00e7lendirilmesi ve di\u011fer ISG mevzuatlar\u0131na uyum konular\u0131nda tesisimizde yap\u0131lan uygulamalar s\u00fcrekli olarak kontrol edilmektedir.<\/p><p>\u00a0 \u00a0 \u00a0 \u00a0 Firmam\u0131zda i\u015f\u00e7i sa\u011fl\u0131\u011f\u0131 ve g\u00fcvenli\u011fi konusunda t\u00fcm faaliyetlerin kontrol edilmesi, tehlikelerin belirlenmesi, risk de\u011ferlendirmesinin yap\u0131lmas\u0131 ve gerekli kontrol tedbirlerinin al\u0131nmas\u0131 amac\u0131yla a\u015fa\u011f\u0131daki ak\u0131\u015f \u015femas\u0131 takip edilir;<\/p>\t\t\t\t\t\t<\/div>\n\t\t\t\t<\/div>\n\t\t\t\t\t<\/div>\n\t\t<\/div>\n\t\t\t\t\t\t\t<\/div>\n\t\t<\/section>\n\t\t\t\t<section class=\"elementor-section elementor-inner-section elementor-element elementor-element-5fd9e7c0 elementor-section-content-middle elementor-section-boxed elementor-section-height-default elementor-section-height-default\" data-id=\"5fd9e7c0\" data-element_type=\"section\">\n\t\t\t\t\t\t<div class=\"elementor-container elementor-column-gap-default\">\n\t\t\t\t\t<div class=\"elementor-column elementor-col-100 elementor-inner-column elementor-element elementor-element-50a6a78c\" data-id=\"50a6a78c\" data-element_type=\"column\">\n\t\t\t<div class=\"elementor-widget-wrap elementor-element-populated\">\n\t\t\t\t\t\t\t\t<div class=\"elementor-element elementor-element-123c300 elementor-widget elementor-widget-image\" data-id=\"123c300\" data-element_type=\"widget\" data-widget_type=\"image.default\">\n\t\t\t\t<div class=\"elementor-widget-container\">\n\t\t\t<style>\/*! elementor - v3.7.4 - 31-08-2022 *\/\n.elementor-widget-image{text-align:center}.elementor-widget-image a{display:inline-block}.elementor-widget-image a img[src$=\".svg\"]{width:48px}.elementor-widget-image img{vertical-align:middle;display:inline-block}<\/style>\t\t\t\t\t\t\t\t\t\t\t\t<img loading=\"lazy\" decoding=\"async\" width=\"510\" height=\"389\" src=\"https:\/\/www.metasship.com\/wp-content\/uploads\/2022\/01\/isg-sema-web-site.png\" class=\"attachment-large size-large\" alt=\"\" srcset=\"https:\/\/www.metasship.com\/wp-content\/uploads\/2022\/01\/isg-sema-web-site.png 510w, https:\/\/www.metasship.com\/wp-content\/uploads\/2022\/01\/isg-sema-web-site-300x229.png 300w\" sizes=\"auto, (max-width: 510px) 100vw, 510px\" \/>\t\t\t\t\t\t\t\t\t\t\t\t\t\t\t<\/div>\n\t\t\t\t<\/div>\n\t\t\t\t<div class=\"elementor-element elementor-element-7ec983a1 elementor-widget elementor-widget-text-editor\" data-id=\"7ec983a1\" data-element_type=\"widget\" data-widget_type=\"text-editor.default\">\n\t\t\t\t<div class=\"elementor-widget-container\">\n\t\t\t\t\t\t\t<ul><li>Firmam\u0131z, \u0130SG Y\u00f6netim sistemini etkileyebilecek her t\u00fcrl\u00fc d\u0131\u015f ileti\u015fim kanallar\u0131n\u0131 a\u00e7\u0131k tutup takip eder. \u00dcst y\u00f6netimin belirlemi\u015f oldu\u011fu politika ile, t\u00fcm sa\u011fl\u0131k ve g\u00fcvenlik hedeflerini, sa\u011fl\u0131k ve g\u00fcvenlik performans\u0131n\u0131 geli\u015ftirme karar ve iradesini g\u00f6sterir, taahh\u00fct eder.<\/li><li>Gemi geri d\u00f6n\u00fc\u015f\u00fcm faaliyetlerinde uygulanmas\u0131 gerekli ulusal ve uluslararas\u0131 mevzuatlar belirlenir. Yeni yay\u0131m ve de\u011fi\u015fikli\u011fe u\u011frayan mevzuat uygulamaya al\u0131n\u0131r.<\/li><li>Olu\u015fabilecek her t\u00fcrl\u00fc olumsuz etkenlere haz\u0131rl\u0131kl\u0131 olunmas\u0131 i\u00e7in \u00e7al\u0131\u015fanlar d\u00fczenli olarak e\u011fitilir ve tatbikatlar d\u00fczenlenir. Gerekli m\u00fcdahale ekipmanlar\u0131 her zaman i\u00e7in kullan\u0131ma haz\u0131r bir \u015fekilde tutulur.<\/li><li>G\u00fcnl\u00fck emniyet, \u00e7evre ve \u0130SG kontrolleri yaparak tesis i\u00e7erisindeki emniyetli \u00e7al\u0131\u015fma ortam\u0131 korunur.<\/li><li>\u00c7al\u0131\u015fanlar\u0131m\u0131z\u0131n emniyeti i\u00e7in uygun ki\u015fisel koruyucu ekipmanlar\u0131 kullanarak g\u00fcvenli ve emniyetli bir i\u015f ortam\u0131 yarat\u0131l\u0131r.<\/li><\/ul>\t\t\t\t\t\t<\/div>\n\t\t\t\t<\/div>\n\t\t\t\t\t<\/div>\n\t\t<\/div>\n\t\t\t\t\t\t\t<\/div>\n\t\t<\/section>\n\t\t\t\t\t<\/div>\n\t\t<\/div>\n\t\t\t\t\t\t\t<\/div>\n\t\t<\/section>\n\t\t\t\t<section class=\"elementor-section elementor-top-section elementor-element elementor-element-efa422b elementor-section-boxed elementor-section-height-default elementor-section-height-default\" data-id=\"efa422b\" data-element_type=\"section\">\n\t\t\t\t\t\t<div class=\"elementor-container elementor-column-gap-default\">\n\t\t\t\t\t<div class=\"elementor-column elementor-col-100 elementor-top-column elementor-element elementor-element-b1465d3\" data-id=\"b1465d3\" data-element_type=\"column\">\n\t\t\t<div class=\"elementor-widget-wrap\">\n\t\t\t\t\t\t\t\t\t<\/div>\n\t\t<\/div>\n\t\t\t\t\t\t\t<\/div>\n\t\t<\/section>\n\t\t\t\t\t\t\t<\/div>\n\t\t","protected":false},"excerpt":{"rendered":"<p>meta\u015f gemi s\u00f6k\u00fcm \u0130SG Y\u00d6NET\u0130M\u0130 \u00a0 \u00a0 \u00a0 \u00a0 Gemi geri d\u00f6n\u00fc\u015f\u00fcm faaliyetlerimizin ISO 45001\/2018 \u0130\u015f\u00e7i Sa\u011fl\u0131\u011f\u0131 ve G\u00fcvenli\u011fine uyumlu olarak yap\u0131lmas\u0131 maksad\u0131yla, risklerin belirlenmesi, al\u0131nacak tedbirler, \u00e7al\u0131\u015fanlar\u0131n bilin\u00e7lendirilmesi ve di\u011fer ISG mevzuatlar\u0131na uyum konular\u0131nda tesisimizde yap\u0131lan uygulamalar s\u00fcrekli olarak kontrol edilmektedir. \u00a0 \u00a0 \u00a0 \u00a0 Firmam\u0131zda i\u015f\u00e7i sa\u011fl\u0131\u011f\u0131 ve g\u00fcvenli\u011fi konusunda t\u00fcm faaliyetlerin kontrol [&hellip;]<\/p>\n","protected":false},"author":1,"featured_media":0,"parent":0,"menu_order":0,"comment_status":"closed","ping_status":"closed","template":"elementor_header_footer","meta":{"footnotes":""},"class_list":["post-63","page","type-page","status-publish","hentry"],"_links":{"self":[{"href":"https:\/\/www.metasship.com\/index.php\/wp-json\/wp\/v2\/pages\/63","targetHints":{"allow":["GET"]}}],"collection":[{"href":"https:\/\/www.metasship.com\/index.php\/wp-json\/wp\/v2\/pages"}],"about":[{"href":"https:\/\/www.metasship.com\/index.php\/wp-json\/wp\/v2\/types\/page"}],"author":[{"embeddable":true,"href":"https:\/\/www.metasship.com\/index.php\/wp-json\/wp\/v2\/users\/1"}],"replies":[{"embeddable":true,"href":"https:\/\/www.metasship.com\/index.php\/wp-json\/wp\/v2\/comments?post=63"}],"version-history":[{"count":10,"href":"https:\/\/www.metasship.com\/index.php\/wp-json\/wp\/v2\/pages\/63\/revisions"}],"predecessor-version":[{"id":2338,"href":"https:\/\/www.metasship.com\/index.php\/wp-json\/wp\/v2\/pages\/63\/revisions\/2338"}],"wp:attachment":[{"href":"https:\/\/www.metasship.com\/index.php\/wp-json\/wp\/v2\/media?parent=63"}],"curies":[{"name":"wp","href":"https:\/\/api.w.org\/{rel}","templated":true}]}}