{"id":65,"date":"2021-11-23T09:23:57","date_gmt":"2021-11-23T06:23:57","guid":{"rendered":"https:\/\/www.metasship.com\/?page_id=65"},"modified":"2022-01-21T10:44:02","modified_gmt":"2022-01-21T07:44:02","slug":"kalite-yonetimi","status":"publish","type":"page","link":"https:\/\/www.metasship.com\/index.php\/kalite-yonetimi\/","title":{"rendered":"KAL\u0130TE Y\u00d6NET\u0130M\u0130"},"content":{"rendered":"\t\t<div data-elementor-type=\"wp-page\" data-elementor-id=\"65\" class=\"elementor elementor-65\">\n\t\t\t\t\t\t\t\t\t<section class=\"elementor-section elementor-top-section elementor-element elementor-element-1355e253 elementor-section-content-middle elementor-section-boxed elementor-section-height-default elementor-section-height-default\" data-id=\"1355e253\" data-element_type=\"section\" data-settings=\"{&quot;background_background&quot;:&quot;classic&quot;}\">\n\t\t\t\t\t\t<div class=\"elementor-container elementor-column-gap-default\">\n\t\t\t\t\t<div class=\"elementor-column elementor-col-100 elementor-top-column elementor-element elementor-element-26e3ef7a\" data-id=\"26e3ef7a\" data-element_type=\"column\">\n\t\t\t<div class=\"elementor-widget-wrap elementor-element-populated\">\n\t\t\t\t\t\t\t\t<section class=\"elementor-section elementor-inner-section elementor-element elementor-element-f1fb159 elementor-section-boxed elementor-section-height-default elementor-section-height-default\" data-id=\"f1fb159\" data-element_type=\"section\">\n\t\t\t\t\t\t<div class=\"elementor-container elementor-column-gap-default\">\n\t\t\t\t\t<div class=\"elementor-column elementor-col-100 elementor-inner-column elementor-element elementor-element-47d73438\" data-id=\"47d73438\" data-element_type=\"column\">\n\t\t\t<div class=\"elementor-widget-wrap elementor-element-populated\">\n\t\t\t\t\t\t\t\t<div class=\"elementor-element elementor-element-79426238 elementor-widget elementor-widget-heading\" data-id=\"79426238\" data-element_type=\"widget\" data-widget_type=\"heading.default\">\n\t\t\t\t<div class=\"elementor-widget-container\">\n\t\t\t<style>\/*! elementor - v3.7.4 - 31-08-2022 *\/\n.elementor-heading-title{padding:0;margin:0;line-height:1}.elementor-widget-heading .elementor-heading-title[class*=elementor-size-]>a{color:inherit;font-size:inherit;line-height:inherit}.elementor-widget-heading .elementor-heading-title.elementor-size-small{font-size:15px}.elementor-widget-heading .elementor-heading-title.elementor-size-medium{font-size:19px}.elementor-widget-heading .elementor-heading-title.elementor-size-large{font-size:29px}.elementor-widget-heading .elementor-heading-title.elementor-size-xl{font-size:39px}.elementor-widget-heading .elementor-heading-title.elementor-size-xxl{font-size:59px}<\/style><h5 class=\"elementor-heading-title elementor-size-default\">meta\u015f gemi s\u00f6k\u00fcm<\/h5>\t\t<\/div>\n\t\t\t\t<\/div>\n\t\t\t\t<div class=\"elementor-element elementor-element-1a2f2083 elementor-widget elementor-widget-heading\" data-id=\"1a2f2083\" data-element_type=\"widget\" data-widget_type=\"heading.default\">\n\t\t\t\t<div class=\"elementor-widget-container\">\n\t\t\t<h2 class=\"elementor-heading-title elementor-size-default\">KAL\u0130TE Y\u00d6NET\u0130M\u0130<\/h2>\t\t<\/div>\n\t\t\t\t<\/div>\n\t\t\t\t<div class=\"elementor-element elementor-element-339e3f7 elementor-widget-divider--view-line elementor-widget elementor-widget-divider\" data-id=\"339e3f7\" data-element_type=\"widget\" data-widget_type=\"divider.default\">\n\t\t\t\t<div class=\"elementor-widget-container\">\n\t\t\t<style>\/*! elementor - v3.7.4 - 31-08-2022 *\/\n.elementor-widget-divider{--divider-border-style:none;--divider-border-width:1px;--divider-color:#2c2c2c;--divider-icon-size:20px;--divider-element-spacing:10px;--divider-pattern-height:24px;--divider-pattern-size:20px;--divider-pattern-url:none;--divider-pattern-repeat:repeat-x}.elementor-widget-divider .elementor-divider{display:-webkit-box;display:-ms-flexbox;display:flex}.elementor-widget-divider .elementor-divider__text{font-size:15px;line-height:1;max-width:95%}.elementor-widget-divider .elementor-divider__element{margin:0 var(--divider-element-spacing);-ms-flex-negative:0;flex-shrink:0}.elementor-widget-divider .elementor-icon{font-size:var(--divider-icon-size)}.elementor-widget-divider .elementor-divider-separator{display:-webkit-box;display:-ms-flexbox;display:flex;margin:0;direction:ltr}.elementor-widget-divider--view-line_icon .elementor-divider-separator,.elementor-widget-divider--view-line_text .elementor-divider-separator{-webkit-box-align:center;-ms-flex-align:center;align-items:center}.elementor-widget-divider--view-line_icon .elementor-divider-separator:after,.elementor-widget-divider--view-line_icon .elementor-divider-separator:before,.elementor-widget-divider--view-line_text .elementor-divider-separator:after,.elementor-widget-divider--view-line_text .elementor-divider-separator:before{display:block;content:\"\";border-bottom:0;-webkit-box-flex:1;-ms-flex-positive:1;flex-grow:1;border-top:var(--divider-border-width) var(--divider-border-style) var(--divider-color)}.elementor-widget-divider--element-align-left .elementor-divider .elementor-divider-separator>.elementor-divider__svg:first-of-type{-webkit-box-flex:0;-ms-flex-positive:0;flex-grow:0;-ms-flex-negative:100;flex-shrink:100}.elementor-widget-divider--element-align-left .elementor-divider-separator:before{content:none}.elementor-widget-divider--element-align-left .elementor-divider__element{margin-left:0}.elementor-widget-divider--element-align-right .elementor-divider .elementor-divider-separator>.elementor-divider__svg:last-of-type{-webkit-box-flex:0;-ms-flex-positive:0;flex-grow:0;-ms-flex-negative:100;flex-shrink:100}.elementor-widget-divider--element-align-right .elementor-divider-separator:after{content:none}.elementor-widget-divider--element-align-right .elementor-divider__element{margin-right:0}.elementor-widget-divider:not(.elementor-widget-divider--view-line_text):not(.elementor-widget-divider--view-line_icon) .elementor-divider-separator{border-top:var(--divider-border-width) var(--divider-border-style) var(--divider-color)}.elementor-widget-divider--separator-type-pattern{--divider-border-style:none}.elementor-widget-divider--separator-type-pattern.elementor-widget-divider--view-line .elementor-divider-separator,.elementor-widget-divider--separator-type-pattern:not(.elementor-widget-divider--view-line) .elementor-divider-separator:after,.elementor-widget-divider--separator-type-pattern:not(.elementor-widget-divider--view-line) .elementor-divider-separator:before,.elementor-widget-divider--separator-type-pattern:not([class*=elementor-widget-divider--view]) .elementor-divider-separator{width:100%;min-height:var(--divider-pattern-height);-webkit-mask-size:var(--divider-pattern-size) 100%;mask-size:var(--divider-pattern-size) 100%;-webkit-mask-repeat:var(--divider-pattern-repeat);mask-repeat:var(--divider-pattern-repeat);background-color:var(--divider-color);-webkit-mask-image:var(--divider-pattern-url);mask-image:var(--divider-pattern-url)}.elementor-widget-divider--no-spacing{--divider-pattern-size:auto}.elementor-widget-divider--bg-round{--divider-pattern-repeat:round}.rtl .elementor-widget-divider .elementor-divider__text{direction:rtl}.e-container>.elementor-widget-divider{width:var(--container-widget-width,100%);--flex-grow:var(--container-widget-flex-grow,0)}<\/style>\t\t<div class=\"elementor-divider\">\n\t\t\t<span class=\"elementor-divider-separator\">\n\t\t\t\t\t\t<\/span>\n\t\t<\/div>\n\t\t\t\t<\/div>\n\t\t\t\t<\/div>\n\t\t\t\t\t<\/div>\n\t\t<\/div>\n\t\t\t\t\t\t\t<\/div>\n\t\t<\/section>\n\t\t\t\t<section class=\"elementor-section elementor-inner-section elementor-element elementor-element-45d9fe9c elementor-section-content-middle elementor-section-boxed elementor-section-height-default elementor-section-height-default\" data-id=\"45d9fe9c\" data-element_type=\"section\">\n\t\t\t\t\t\t<div class=\"elementor-container elementor-column-gap-no\">\n\t\t\t\t\t<div class=\"elementor-column elementor-col-100 elementor-inner-column elementor-element elementor-element-587ffe3\" data-id=\"587ffe3\" data-element_type=\"column\">\n\t\t\t<div class=\"elementor-widget-wrap elementor-element-populated\">\n\t\t\t\t\t\t\t\t<div class=\"elementor-element elementor-element-ac51b1d elementor-widget elementor-widget-text-editor\" data-id=\"ac51b1d\" data-element_type=\"widget\" data-widget_type=\"text-editor.default\">\n\t\t\t\t<div class=\"elementor-widget-container\">\n\t\t\t<style>\/*! elementor - v3.7.4 - 31-08-2022 *\/\n.elementor-widget-text-editor.elementor-drop-cap-view-stacked .elementor-drop-cap{background-color:#818a91;color:#fff}.elementor-widget-text-editor.elementor-drop-cap-view-framed .elementor-drop-cap{color:#818a91;border:3px solid;background-color:transparent}.elementor-widget-text-editor:not(.elementor-drop-cap-view-default) .elementor-drop-cap{margin-top:8px}.elementor-widget-text-editor:not(.elementor-drop-cap-view-default) .elementor-drop-cap-letter{width:1em;height:1em}.elementor-widget-text-editor .elementor-drop-cap{float:left;text-align:center;line-height:1;font-size:50px}.elementor-widget-text-editor .elementor-drop-cap-letter{display:inline-block}<\/style>\t\t\t\t<p>\u00a0 \u00a0 Firmam\u0131z\u0131n genel performans\u0131n\u0131n art\u0131r\u0131lmas\u0131 ve s\u00fcrd\u00fcr\u00fclebilir kalk\u0131nma inisiyatiflerine sa\u011flam bir temel olu\u015fturmas\u0131 maksad\u0131yla, 9001\/2015 kalite standard\u0131 esas al\u0131narak uygulanmaktad\u0131r.<\/p><p><strong><u>Kalite Y\u00f6netim Sistemi ile;\u00a0 <\/u><\/strong><\/p><p>a) M\u00fc\u015fteri ve uygulanabilir mevzuat \u015fartlar\u0131na uygun hizmetleri s\u00fcrekli sa\u011flamak,<\/p><p>b) M\u00fc\u015fteri memnuniyetini art\u0131rmak,<\/p><p>c) Risk ve f\u0131rsatlar\u0131 belirlemek.<\/p><p>d)Belirtilmi\u015f kalite y\u00f6netim sistemi \u015fartlar\u0131na uygunlu\u011fun g\u00f6sterilmesi kabiliyetini sa\u011flama hedeflenmi\u015ftir.<\/p>\t\t\t\t\t\t<\/div>\n\t\t\t\t<\/div>\n\t\t\t\t<div class=\"elementor-element elementor-element-56b561f elementor-widget elementor-widget-image\" data-id=\"56b561f\" data-element_type=\"widget\" data-widget_type=\"image.default\">\n\t\t\t\t<div class=\"elementor-widget-container\">\n\t\t\t<style>\/*! elementor - v3.7.4 - 31-08-2022 *\/\n.elementor-widget-image{text-align:center}.elementor-widget-image a{display:inline-block}.elementor-widget-image a img[src$=\".svg\"]{width:48px}.elementor-widget-image img{vertical-align:middle;display:inline-block}<\/style>\t\t\t\t\t\t\t\t\t\t\t\t<img loading=\"lazy\" decoding=\"async\" width=\"400\" height=\"240\" src=\"https:\/\/www.metasship.com\/wp-content\/uploads\/2022\/01\/PUKO.png\" class=\"attachment-large size-large\" alt=\"\" srcset=\"https:\/\/www.metasship.com\/wp-content\/uploads\/2022\/01\/PUKO.png 400w, https:\/\/www.metasship.com\/wp-content\/uploads\/2022\/01\/PUKO-300x180.png 300w\" sizes=\"auto, (max-width: 400px) 100vw, 400px\" \/>\t\t\t\t\t\t\t\t\t\t\t\t\t\t\t<\/div>\n\t\t\t\t<\/div>\n\t\t\t\t\t<\/div>\n\t\t<\/div>\n\t\t\t\t\t\t\t<\/div>\n\t\t<\/section>\n\t\t\t\t<section class=\"elementor-section elementor-inner-section elementor-element elementor-element-56827a18 elementor-section-content-middle elementor-section-boxed elementor-section-height-default elementor-section-height-default\" data-id=\"56827a18\" data-element_type=\"section\">\n\t\t\t\t\t\t<div class=\"elementor-container elementor-column-gap-default\">\n\t\t\t\t\t<div class=\"elementor-column elementor-col-100 elementor-inner-column elementor-element elementor-element-15bf39a\" data-id=\"15bf39a\" data-element_type=\"column\">\n\t\t\t<div class=\"elementor-widget-wrap elementor-element-populated\">\n\t\t\t\t\t\t\t\t<div class=\"elementor-element elementor-element-24b292f8 elementor-widget elementor-widget-text-editor\" data-id=\"24b292f8\" data-element_type=\"widget\" data-widget_type=\"text-editor.default\">\n\t\t\t\t<div class=\"elementor-widget-container\">\n\t\t\t\t\t\t\t<p>\u00a0 \u00a0<\/p><p>Y\u00f6netim sistemimizde, Planla \u2013 Uygula \u2013 Kontrol et \u2013 \u00d6nlem al (PUK\u00d6) d\u00f6ng\u00fcs\u00fc ve risk temelli d\u00fc\u015f\u00fcnmeyi i\u00e7eren proses yakla\u015f\u0131m\u0131 uygulan\u0131r.<\/p><p>\u00a0 \u00a0PUK\u00d6 d\u00f6ng\u00fcs\u00fc, ile firmam\u0131zda gemi geri d\u00f6n\u00fc\u015f\u00fcm proseslerine uygun \u015fekilde kaynak sa\u011flanmas\u0131, y\u00f6netilmesi ve iyile\u015ftirilmesi i\u00e7in f\u0131rsatlar\u0131n tayin edildi\u011finden emin olunmas\u0131 sa\u011flan\u0131r.<\/p><p>\u00a0 \u00a0Firmam\u0131z risk temelle d\u00fc\u015f\u00fcnmeyi ilke haline getirmi\u015ftir. Bu sayede; planlanan sonu\u00e7lardan sapmaya yol a\u00e7an fakt\u00f6rlerin tayini, olumsuz etkileri asgari seviyeye indirecek \u00f6nleyici kontrolleri uygulamay\u0131 ve ortaya \u00e7\u0131kt\u0131k\u00e7a f\u0131rsatlardan azami derecede faydalanmay\u0131 ama\u00e7lamaktad\u0131r. \u00a0\u00a0<\/p><p><strong><u>KALITE Y\u00d6NETIM PRENSIPLERIMIZ<\/u><\/strong><\/p><ol><li>M\u00fc\u015fteri odakl\u0131l\u0131k,<\/li><li>Liderlik,<\/li><li>Personelin ba\u011fl\u0131l\u0131\u011f\u0131<\/li><li>\u0130yile\u015ftirme<\/li><li>Kan\u0131t esasl\u0131 karar alma<\/li><li>\u0130li\u015fki y\u00f6netimi<\/li><\/ol>\t\t\t\t\t\t<\/div>\n\t\t\t\t<\/div>\n\t\t\t\t\t<\/div>\n\t\t<\/div>\n\t\t\t\t\t\t\t<\/div>\n\t\t<\/section>\n\t\t\t\t\t<\/div>\n\t\t<\/div>\n\t\t\t\t\t\t\t<\/div>\n\t\t<\/section>\n\t\t\t\t<section class=\"elementor-section elementor-top-section elementor-element elementor-element-70f0e2c elementor-section-boxed elementor-section-height-default elementor-section-height-default\" data-id=\"70f0e2c\" data-element_type=\"section\">\n\t\t\t\t\t\t<div class=\"elementor-container elementor-column-gap-default\">\n\t\t\t\t\t<div class=\"elementor-column elementor-col-100 elementor-top-column elementor-element elementor-element-010dbcd\" data-id=\"010dbcd\" data-element_type=\"column\">\n\t\t\t<div class=\"elementor-widget-wrap\">\n\t\t\t\t\t\t\t\t\t<\/div>\n\t\t<\/div>\n\t\t\t\t\t\t\t<\/div>\n\t\t<\/section>\n\t\t\t\t\t\t\t<\/div>\n\t\t","protected":false},"excerpt":{"rendered":"<p>meta\u015f gemi s\u00f6k\u00fcm KAL\u0130TE Y\u00d6NET\u0130M\u0130 \u00a0 \u00a0 Firmam\u0131z\u0131n genel performans\u0131n\u0131n art\u0131r\u0131lmas\u0131 ve s\u00fcrd\u00fcr\u00fclebilir kalk\u0131nma inisiyatiflerine sa\u011flam bir temel olu\u015fturmas\u0131 maksad\u0131yla, 9001\/2015 kalite standard\u0131 esas al\u0131narak uygulanmaktad\u0131r. Kalite Y\u00f6netim Sistemi ile;\u00a0 a) M\u00fc\u015fteri ve uygulanabilir mevzuat \u015fartlar\u0131na uygun hizmetleri s\u00fcrekli sa\u011flamak, b) M\u00fc\u015fteri memnuniyetini art\u0131rmak, c) Risk ve f\u0131rsatlar\u0131 belirlemek. d)Belirtilmi\u015f kalite y\u00f6netim sistemi \u015fartlar\u0131na uygunlu\u011fun [&hellip;]<\/p>\n","protected":false},"author":1,"featured_media":0,"parent":0,"menu_order":0,"comment_status":"closed","ping_status":"closed","template":"elementor_header_footer","meta":{"footnotes":""},"class_list":["post-65","page","type-page","status-publish","hentry"],"_links":{"self":[{"href":"https:\/\/www.metasship.com\/index.php\/wp-json\/wp\/v2\/pages\/65","targetHints":{"allow":["GET"]}}],"collection":[{"href":"https:\/\/www.metasship.com\/index.php\/wp-json\/wp\/v2\/pages"}],"about":[{"href":"https:\/\/www.metasship.com\/index.php\/wp-json\/wp\/v2\/types\/page"}],"author":[{"embeddable":true,"href":"https:\/\/www.metasship.com\/index.php\/wp-json\/wp\/v2\/users\/1"}],"replies":[{"embeddable":true,"href":"https:\/\/www.metasship.com\/index.php\/wp-json\/wp\/v2\/comments?post=65"}],"version-history":[{"count":13,"href":"https:\/\/www.metasship.com\/index.php\/wp-json\/wp\/v2\/pages\/65\/revisions"}],"predecessor-version":[{"id":2345,"href":"https:\/\/www.metasship.com\/index.php\/wp-json\/wp\/v2\/pages\/65\/revisions\/2345"}],"wp:attachment":[{"href":"https:\/\/www.metasship.com\/index.php\/wp-json\/wp\/v2\/media?parent=65"}],"curies":[{"name":"wp","href":"https:\/\/api.w.org\/{rel}","templated":true}]}}